{"id":696,"date":"2019-10-08T05:45:07","date_gmt":"2019-10-07T22:45:07","guid":{"rendered":"https:\/\/aquamarine.com.vn\/?post_type=product&#038;p=696"},"modified":"2019-12-02T05:43:39","modified_gmt":"2019-12-02T05:43:39","slug":"ngheu-sot-bo-toi-bao-goi-hut-chan-khong","status":"publish","type":"product","link":"https:\/\/aquamarine.com.vn\/vi\/san-pham\/ngheu-sot-bo-toi-bao-goi-hut-chan-khong","title":{"rendered":"Ngh\u00eau S\u1ed1t B\u01a1 T\u1ecfi Bao G\u00f3i H\u00fat Ch\u00e2n Kh\u00f4ng"},"content":{"rendered":"<p>Ngh\u00eau S\u1ed1t B\u01a1 T\u1ecfi Bao G\u00f3i H\u00fat Ch\u00e2n Kh\u00f4ng<\/p>\n","protected":false},"excerpt":{"rendered":"<p>Ngh\u00eau S\u1ed1t B\u01a1 T\u1ecfi Bao G\u00f3i H\u00fat Ch\u00e2n Kh\u00f4ng<\/p>\n","protected":false},"featured_media":703,"comment_status":"open","ping_status":"closed","template":"","meta":[],"product_brand":[],"product_cat":[19],"product_tag":[],"class_list":{"0":"post-696","1":"product","2":"type-product","3":"status-publish","4":"has-post-thumbnail","6":"product_cat-sp-gia-tri-gia-tang","8":"first","9":"instock","10":"shipping-taxable","11":"product-type-simple"},"_links":{"self":[{"href":"https:\/\/aquamarine.com.vn\/vi\/wp-json\/wp\/v2\/product\/696","targetHints":{"allow":["GET"]}}],"collection":[{"href":"https:\/\/aquamarine.com.vn\/vi\/wp-json\/wp\/v2\/product"}],"about":[{"href":"https:\/\/aquamarine.com.vn\/vi\/wp-json\/wp\/v2\/types\/product"}],"replies":[{"embeddable":true,"href":"https:\/\/aquamarine.com.vn\/vi\/wp-json\/wp\/v2\/comments?post=696"}],"wp:featuredmedia":[{"embeddable":true,"href":"https:\/\/aquamarine.com.vn\/vi\/wp-json\/wp\/v2\/media\/703"}],"wp:attachment":[{"href":"https:\/\/aquamarine.com.vn\/vi\/wp-json\/wp\/v2\/media?parent=696"}],"wp:term":[{"taxonomy":"product_brand","embeddable":true,"href":"https:\/\/aquamarine.com.vn\/vi\/wp-json\/wp\/v2\/product_brand?post=696"},{"taxonomy":"product_cat","embeddable":true,"href":"https:\/\/aquamarine.com.vn\/vi\/wp-json\/wp\/v2\/product_cat?post=696"},{"taxonomy":"product_tag","embeddable":true,"href":"https:\/\/aquamarine.com.vn\/vi\/wp-json\/wp\/v2\/product_tag?post=696"}],"curies":[{"name":"wp","href":"https:\/\/api.w.org\/{rel}","templated":true}]}}