{"id":639,"date":"2019-10-05T07:37:35","date_gmt":"2019-10-05T00:37:35","guid":{"rendered":"https:\/\/aquamarine.com.vn\/?page_id=639"},"modified":"2019-10-05T07:45:13","modified_gmt":"2019-10-05T00:45:13","slug":"truy-xuat-nguon-goc","status":"publish","type":"page","link":"https:\/\/aquamarine.com.vn\/vi\/truy-xuat-nguon-goc","title":{"rendered":"Truy xu\u1ea5t ngu\u1ed3n g\u1ed1c"},"content":{"rendered":"\n<p>C\u00f4ng ty C\u1ed5 ph\u1ea7n th\u1ee7y s\u1ea3n&nbsp;H\u01b0ng Tr\u01b0\u1eddng Ph\u00e1t \u00e1p d\u1ee5ng m\u1ed9t h\u1ec7 th\u1ed1ng truy xu\u1ea5t ngu\u1ed3n g\u1ed1c ph\u00f9 h\u1ee3p v\u00e0 ch\u00ednh x\u00e1c. Khi c\u00f3 v\u1ea5n \u0111\u1ec1 x\u1ea3y ra v\u00e0 kh\u00e1ch h\u00e0ng cung c\u1ea5p m\u00e3 s\u1ed1 l\u00f4 h\u00e0ng truy xu\u1ea5t th\u00ec trong v\u00f2ng 4 gi\u1edd C\u00f4ng ty c\u00f3 th\u1ec3 truy xu\u1ea5t tr\u1edf l\u1ea1i ngu\u1ed3n g\u1ed1c&nbsp; nguy\u00ean li\u1ec7u, k\u00e8m theo c\u00e1c k\u1ebft qu\u1ea3 ki\u1ec3m nghi\u1ec7m v\u00e0 h\u1ed3 s\u01a1 s\u1ea3n xu\u1ea5t c\u00f3 li\u00ean quan.<\/p>\n\n\n\n<figure class=\"wp-block-image\"><img decoding=\"async\" src=\"http:\/\/bizweb.dktcdn.net\/thumb\/1024x1024\/100\/091\/888\/files\/hinh-ve-e420e111-196b-4afb-8d23-e34232e9160f.png?v=1466069371182\" alt=\"\"\/><\/figure>\n","protected":false},"excerpt":{"rendered":"<p>C\u00f4ng ty C\u1ed5 ph\u1ea7n th\u1ee7y s\u1ea3n&nbsp;H\u01b0ng Tr\u01b0\u1eddng Ph\u00e1t \u00e1p d\u1ee5ng m\u1ed9t h\u1ec7 th\u1ed1ng truy xu\u1ea5t ngu\u1ed3n g\u1ed1c ph\u00f9 h\u1ee3p v\u00e0 ch\u00ednh x\u00e1c. Khi c\u00f3 v\u1ea5n \u0111\u1ec1 x\u1ea3y ra v\u00e0 kh\u00e1ch h\u00e0ng cung c\u1ea5p m\u00e3 s\u1ed1 l\u00f4 h\u00e0ng truy xu\u1ea5t th\u00ec trong v\u00f2ng 4 gi\u1edd C\u00f4ng ty c\u00f3 th\u1ec3 truy xu\u1ea5t tr\u1edf l\u1ea1i ngu\u1ed3n g\u1ed1c&nbsp; nguy\u00ean &#8230;<\/p>\n","protected":false},"author":1,"featured_media":0,"parent":0,"menu_order":0,"comment_status":"closed","ping_status":"closed","template":"page-right-sidebar.php","meta":{"footnotes":""},"class_list":["post-639","page","type-page","status-publish","hentry"],"_links":{"self":[{"href":"https:\/\/aquamarine.com.vn\/vi\/wp-json\/wp\/v2\/pages\/639","targetHints":{"allow":["GET"]}}],"collection":[{"href":"https:\/\/aquamarine.com.vn\/vi\/wp-json\/wp\/v2\/pages"}],"about":[{"href":"https:\/\/aquamarine.com.vn\/vi\/wp-json\/wp\/v2\/types\/page"}],"author":[{"embeddable":true,"href":"https:\/\/aquamarine.com.vn\/vi\/wp-json\/wp\/v2\/users\/1"}],"replies":[{"embeddable":true,"href":"https:\/\/aquamarine.com.vn\/vi\/wp-json\/wp\/v2\/comments?post=639"}],"version-history":[{"count":1,"href":"https:\/\/aquamarine.com.vn\/vi\/wp-json\/wp\/v2\/pages\/639\/revisions"}],"predecessor-version":[{"id":640,"href":"https:\/\/aquamarine.com.vn\/vi\/wp-json\/wp\/v2\/pages\/639\/revisions\/640"}],"wp:attachment":[{"href":"https:\/\/aquamarine.com.vn\/vi\/wp-json\/wp\/v2\/media?parent=639"}],"curies":[{"name":"wp","href":"https:\/\/api.w.org\/{rel}","templated":true}]}}