{"id":637,"date":"2019-10-05T07:37:00","date_gmt":"2019-10-05T00:37:00","guid":{"rendered":"https:\/\/aquamarine.com.vn\/?page_id=637"},"modified":"2019-10-05T07:37:01","modified_gmt":"2019-10-05T00:37:01","slug":"quy-trinh-san-xuat-va-kiem-soat-chat-luong","status":"publish","type":"page","link":"https:\/\/aquamarine.com.vn\/vi\/quy-trinh-san-xuat-va-kiem-soat-chat-luong","title":{"rendered":"Quy tr\u00ecnh s\u1ea3n xu\u1ea5t v\u00e0 Ki\u1ec3m so\u00e1t ch\u1ea5t l\u01b0\u1ee3ng"},"content":{"rendered":"\n<h4 class=\"wp-block-heading\">Quy Tr\u00ecnh S\u1ea3n Xu\u1ea5t v\u00e0 Ki\u1ec3m So\u00e1t Ch\u1ea5t L\u01b0\u1ee3ng<\/h4>\n\n\n\n<p>Trong quy tr\u00ecnh s\u1ea3n xu\u1ea5t s\u1ea3n ph\u1ea9m c\u1ee7a C\u00f4ng ty&nbsp;C\u1ed5 ph\u1ea7n th\u1ee7y&nbsp;s\u1ea3n&nbsp;H\u01b0ng Tr\u01b0\u1eddng Ph\u00e1t, t\u1ea5t c\u1ea3 c\u00e1c c\u00f4ng \u0111o\u1ea1n s\u1ea3n xu\u1ea5t t\u1eeb kh\u00e2u ti\u1ebfp nh\u1eadn nguy\u00ean li\u1ec7u \u0111\u1ebfn th\u00e0nh ph\u1ea9m cu\u1ed1i c\u00f9ng&nbsp; \u0111\u1ec1u&nbsp;\u0111\u01b0\u1ee3c ki\u1ec3m so\u00e1t&nbsp;nghi\u00eam ng\u1eb7t&nbsp;theo c\u00e1c&nbsp;nguy\u00ean t\u1eafc c\u1ee7a HACCP v\u00e0 c\u00e1c ti\u00eau chu\u1ea9n qu\u1ed1c t\u1ebf v\u1ec1 ch\u1ea5t l\u01b0\u1ee3ng, an to\u00e0n th\u1ef1c ph\u1ea9m v\u00e0 b\u1ec1n v\u1eefng:&nbsp;ISO 9001:2015, BRC Food,&nbsp;IFS Food v\u00e0&nbsp;MSC.<\/p>\n\n\n\n<p><strong>Bi\u1ec7n Ph\u00e1p Ki\u1ec3m So\u00e1t C\u00e1c M\u1ed1i Nguy Tr\u1ecdng Y\u1ebfu Trong Ch\u1ebf bi\u1ebfn S\u1ea3n Ph\u1ea9m Ngh\u00eau<\/strong><\/p>\n\n\n\n<table class=\"wp-block-table\"><tbody><tr><td><strong>C\u00f4ng \u0111o\u1ea1n<\/strong><\/td><td><strong>M\u1ed1i nguy tr\u1ecdng y\u1ebfu<\/strong><\/td><td><strong>Bi\u1ec7n ph\u00e1p ki\u1ec3m so\u00e1t hi\u1ec7n h\u1eefu<\/strong><\/td><\/tr><tr><td>Ti\u1ebfp nh\u1eadn nguy\u00ean li\u1ec7u<\/td><td>Sinh h\u1ecdc: Vi sinh g\u00e2y b\u1ec7nh v\u00e0 \u0111\u1ed9c t\u1ed1 sinh h\u1ecdc.H\u00f3a h\u1ecdc: Kim lo\u1ea1i n\u1eb7ng, d\u01b0 l\u01b0\u1ee3ng thu\u1ed1c tr\u1eeb s\u00e2u. D\u1ea7u, ch\u1ea5t h\u00f3a h\u1ecdc trong qu\u00e1 tr\u00ecnh v\u1eadn chuy\u1ec3n.V\u1eadt l\u00fd: T\u1ea1p ch\u1ea5t, m\u1ea3nh kim lo\u1ea1i, m\u1ea3nh th\u1ee7y tinh.<\/td><td>\u0110\u00e1nh gi\u00e1 l\u1ef1a ch\u1ecdn nh\u00e0 cung c\u1ea5p.Ki\u1ec3m so\u00e1t phi\u1ebfu gi\u00e1m s\u00e1t thu ho\u1ea1ch, th\u00f4ng tin c\u1eadp nh\u1eadt t\u00ecnh tr\u1ea1ng m\u00f4i tr\u01b0\u1eddng t\u1ea1i ngu\u1ed3n khai th\u00e1c t\u1eeb c\u01a1 quan qu\u1ea3n l\u00fd v\u00e0 ki\u1ec3m so\u00e1t v\u1ec7 sinh ph\u01b0\u01a1ng ti\u1ec7n v\u1eadn chuy\u1ec3n v\u00e0 n\u01a1i ti\u1ebfp nh\u1eadn.\u0110\u1ecbnh k\u1ef3 l\u1ea5y m\u1eabu ki\u1ec3m tra m\u1ed1i nguy v\u1eadt l\u00fd, VSV, \u0111\u1ed9c t\u1ed1 sinh h\u1ecdc v\u00e0 kim lo\u1ea1i n\u1eb7ng.<\/td><\/tr><tr><td>Ng\u00e2m x\u1eed l\u00fd c\u00e1t<\/td><td>Sinh h\u1ecdc: l\u00e2y nhi\u1ec5m vi sinh v\u1eadt (VSV) g\u00e2y b\u1ec7nh.&nbsp;VSV ph\u00e1t tri\u1ec3n gia t\u0103ng s\u1ed1 l\u01b0\u1ee3ng.H\u00f3a h\u1ecdc: Nhi\u1ec5m d\u01b0 l\u01b0\u1ee3ng chlorine v\u01b0\u1ee3t m\u1ee9c quy \u0111\u1ecbnh t\u1eeb n\u01b0\u1edbc, nhi\u1ec5m kim lo\u1ea1i n\u1eb7ng t\u1eeb mu\u1ed1i.V\u1eadt l\u00fd: nhi\u1ec5m b\u1ea9n t\u1ea1p ch\u1ea5t t\u1eeb m\u00f4i tr\u01b0\u1eddng. &nbsp;c\u00e1t, t\u1ea1p ch\u1ea5t trong ngh\u00eau v\u1eabn c\u00f2n trong ngh\u00eau.<\/td><td>Ki\u1ec3m so\u00e1t v\u1ec7 sinh thi\u1ebft b\u1ecb, nh\u00e0 x\u01b0\u1edfng, v\u1ec7 sinh c\u00f4ng nh\u00e2n.Ki\u1ec3m so\u00e1t ch\u1ea5t l\u01b0\u1ee3ng n\u01b0\u1edbc, mu\u1ed1i, chu k\u1ef3 thay n\u01b0\u1edbc.L\u1ea5y m\u1eabu ki\u1ec3m tra c\u1ea3m quan t\u1ea1p ch\u1ea5t c\u00f2n s\u00f3t l\u1ea1i.<\/td><\/tr><tr><td>Ph\u00e2n c\u1ee1<\/td><td>Sinh h\u1ecdc: l\u00e2y nhi\u1ec5m VSV.V\u1eadt l\u00fd: nhi\u1ec5m b\u1ea9n t\u1ea1p ch\u1ea5t t\u1eeb c\u00f4ng nh\u00e2n, d\u1ee5ng c\u1ee5.<\/td><td>Ki\u1ec3m so\u00e1t v\u1ec7 sinh thi\u1ebft b\u1ecb, nh\u00e0 x\u01b0\u1edfng, v\u1ec7 sinh c\u00f4ng nh\u00e2n.&nbsp;<\/td><\/tr><tr><td>V\u00f4 bao \u2013H\u00fat ch\u00e2n kh\u00f4ng<\/td><\/tr><tr><td>H\u1ea5p<\/td><td>Sinh h\u1ecdc: VSV g\u00e2y b\u1ec7nh c\u00f2n s\u1ed1ng s\u00f3t v\u01b0\u1ee3t m\u1ee9c quy \u0111\u1ecbnh.M\u1ed1i h\u00e0n t\u00fai b\u1ecb bung ho\u1eb7c x\u00ec<\/td><td>Ki\u1ec3m so\u00e1t nhi\u1ec7t \u0111\u1ed9 v\u00e0 th\u01a1i gian h\u1ea5p.Ki\u1ec3m tra v\u00e0 lo\u1ea1i b\u1ecf c\u00e1c t\u00fai b\u1ecb bung v\u00e0 x\u00ec.<\/td><\/tr><tr><td>C\u1ea5p \u0111\u00f4ng<\/td><td>M\u1ed1i h\u00e0n t\u00fai b\u1ecb bung ho\u1eb7c x\u00ec.<\/td><td>Ki\u1ec3m tra v\u00e0 lo\u1ea1i b\u1ecf c\u00e1c t\u00fai b\u1ecb bung v\u00e0 x\u00ec.<\/td><\/tr><tr><td>D\u00f2 kim lo\u1ea1i<\/td><td>C\u00f2n x\u00f3t c\u00e1c m\u1ea3nh kim lo\u1ea1i c\u00f3 k\u00edch th\u01b0\u1edbc v\u01b0\u1ee3t m\u1ee9c quy \u0111\u1ecbnh.<\/td><td>Ki\u1ec3m so\u00e1t \u0111\u1ecbnh k\u1ef3 ch\u01b0\u01a1ng tr\u00ecnh d\u00f2 kim lo\u1ea1i v\u00e0 \u0111\u1ed9 nh\u1ea1y c\u1ee7a m\u00e1y.Lo\u1ea1i b\u1ecf c\u00e1c t\u00fai \u0111\u01b0\u1ee3c m\u00e1y d\u00f2 ph\u00e1t hi\u1ec7n c\u00f3 kim lo\u1ea1i.<\/td><\/tr><tr><td>\u0110\u00f3ng g\u00f3i<\/td><td>M\u1ed1i h\u00e0n t\u00fai b\u1ecb bung ho\u1eb7c x\u00ec.<\/td><td>Ki\u1ec3m tra lo\u1ea1i b\u1ecf c\u00e1c t\u00fai b\u1ecb bung, x\u00ec.<\/td><\/tr><\/tbody><\/table>\n","protected":false},"excerpt":{"rendered":"<p>Quy Tr\u00ecnh S\u1ea3n Xu\u1ea5t v\u00e0 Ki\u1ec3m So\u00e1t Ch\u1ea5t L\u01b0\u1ee3ng Trong quy tr\u00ecnh s\u1ea3n xu\u1ea5t s\u1ea3n ph\u1ea9m c\u1ee7a C\u00f4ng ty&nbsp;C\u1ed5 ph\u1ea7n th\u1ee7y&nbsp;s\u1ea3n&nbsp;H\u01b0ng Tr\u01b0\u1eddng Ph\u00e1t, t\u1ea5t c\u1ea3 c\u00e1c c\u00f4ng \u0111o\u1ea1n s\u1ea3n xu\u1ea5t t\u1eeb kh\u00e2u ti\u1ebfp nh\u1eadn nguy\u00ean li\u1ec7u \u0111\u1ebfn th\u00e0nh ph\u1ea9m cu\u1ed1i c\u00f9ng&nbsp; \u0111\u1ec1u&nbsp;\u0111\u01b0\u1ee3c ki\u1ec3m so\u00e1t&nbsp;nghi\u00eam ng\u1eb7t&nbsp;theo c\u00e1c&nbsp;nguy\u00ean t\u1eafc c\u1ee7a HACCP v\u00e0 c\u00e1c ti\u00eau chu\u1ea9n qu\u1ed1c t\u1ebf &#8230;<\/p>\n","protected":false},"author":1,"featured_media":0,"parent":0,"menu_order":0,"comment_status":"closed","ping_status":"closed","template":"page-right-sidebar.php","meta":{"footnotes":""},"class_list":["post-637","page","type-page","status-publish","hentry"],"_links":{"self":[{"href":"https:\/\/aquamarine.com.vn\/vi\/wp-json\/wp\/v2\/pages\/637","targetHints":{"allow":["GET"]}}],"collection":[{"href":"https:\/\/aquamarine.com.vn\/vi\/wp-json\/wp\/v2\/pages"}],"about":[{"href":"https:\/\/aquamarine.com.vn\/vi\/wp-json\/wp\/v2\/types\/page"}],"author":[{"embeddable":true,"href":"https:\/\/aquamarine.com.vn\/vi\/wp-json\/wp\/v2\/users\/1"}],"replies":[{"embeddable":true,"href":"https:\/\/aquamarine.com.vn\/vi\/wp-json\/wp\/v2\/comments?post=637"}],"version-history":[{"count":1,"href":"https:\/\/aquamarine.com.vn\/vi\/wp-json\/wp\/v2\/pages\/637\/revisions"}],"predecessor-version":[{"id":638,"href":"https:\/\/aquamarine.com.vn\/vi\/wp-json\/wp\/v2\/pages\/637\/revisions\/638"}],"wp:attachment":[{"href":"https:\/\/aquamarine.com.vn\/vi\/wp-json\/wp\/v2\/media?parent=637"}],"curies":[{"name":"wp","href":"https:\/\/api.w.org\/{rel}","templated":true}]}}