{"id":634,"date":"2019-10-05T07:23:36","date_gmt":"2019-10-05T00:23:36","guid":{"rendered":"https:\/\/aquamarine.com.vn\/?page_id=634"},"modified":"2020-04-24T14:24:48","modified_gmt":"2020-04-24T07:24:48","slug":"nguon-nguyen-lieu","status":"publish","type":"page","link":"https:\/\/aquamarine.com.vn\/vi\/nguon-nguyen-lieu","title":{"rendered":"Ngu\u1ed3n nguy\u00ean li\u1ec7u"},"content":{"rendered":"\n<h4 class=\"wp-block-heading\">Ngu\u1ed3n nguy\u00ean li\u1ec7u<\/h4>\n\n\n\n<div class=\"wp-block-image\"><figure class=\"aligncenter\"><img decoding=\"async\" src=\"http:\/\/bizweb.dktcdn.net\/thumb\/grande\/100\/091\/888\/files\/vietnam-map-vn.jpg?v=1466411759429\" alt=\"\"\/><\/figure><\/div>\n\n\n\n<p><strong>Ngh\u00eau tr\u1eafng<\/strong>&nbsp;<em>(<\/em>t\u00ean khoa h\u1ecdc<em>&nbsp;Meretrix lyrata) :<\/em><\/p>\n\n\n\n<p>&#8211; Ngh\u00eau tr\u1eafng&nbsp;<em>(Meretrix lyrata)<\/em>&nbsp;sinh tr\u01b0\u1edfng t\u1ef1 nhi\u00ean v\u00e0 ph\u00e1t tri\u1ec3n t\u1ed1t tr\u00ean b\u00e3i c\u00e1t ven b\u1edd t\u1ea1i c\u00e1c v\u00f9ng bi\u1ec3n mi\u1ec1n Nam v\u00e0 mi\u1ec1n B\u1eafc &#8211; Vi\u1ec7t Nam thu\u1ed9c Bi\u1ec3n \u0110\u00f4ng -Th\u00e1i B\u00ecnh D\u01b0\u01a1ng. V\u00f9ng nguy\u00ean li\u1ec7u \u1edf mi\u1ec1n Nam (FAO71)&nbsp;t\u1eadp trung tr\u1ea3i d\u00e0i d\u1ecdc b\u1edd bi\u1ec3n thu\u1ed9c C\u1ea7n Gi\u1edd &#8211; TP. HCM, G\u00f2 C\u00f4ng &#8211; Ti\u1ec1n Giang, B\u1ebfn Tre, Tr\u00e0 Vinh v\u1edbi s\u1ea3n l\u01b0\u1ee3ng b\u00ecnh qu\u00e2n kho\u1ea3ng&nbsp;30.000 \u2013 45.000 t\u1ea5n\/n\u0103m. V\u00f9ng nguy\u00ean li\u1ec7u \u1edf mi\u1ec1n B\u1eafc (FAO61)&nbsp;t\u1eadp trung tr\u1ea3i d\u00e0i d\u1ecdc b\u1edd bi\u1ec3n thu\u1ed9c Thanh H\u00f3a, Th\u00e1i B\u00ecnh, Ninh B\u00ecnh, Nam \u0110\u1ecbnh v\u1edbi s\u1ea3n l\u01b0\u1ee3ng b\u00ecnh qu\u00e2n kho\u1ea3ng&nbsp;50.000 \u2013 60.000 t\u1ea5n\/n\u0103m.<\/p>\n\n\n\n<p>&#8211; \u1ede Vi\u1ec7t Nam Ngh\u00eau tr\u1eafng&nbsp;<em>(Meretrix lyrata)<\/em>&nbsp;\u0111\u01b0\u1ee3c g\u1ecdi l\u00e0 Ngh\u00eau B\u1ebfn Tre v\u00ec n\u00f3 c\u00f3 xu\u1ea5t x\u1ee9 v\u00e0 sinh s\u1ea3n \u0111\u1eb7c bi\u1ec7t t\u1ed1t t\u1ea1i v\u00f9ng bi\u1ec3n thu\u1ed9c B\u1ebfn Tre. T\u1eeb tr\u01b0\u1edbc \u0111\u1ebfn nay, h\u00e0ng n\u0103m c\u00e1c ng\u01b0 d\u00e2n B\u1ebfn Tre khai th\u00e1c ngh\u00eau gi\u1ed1ng cung c\u1ea5p cho c\u00e1c \u0111\u1ecba ph\u01b0\u01a1ng trong c\u1ea3 n\u01b0\u1edbc \u0111\u1ec3 nu\u00f4i d\u01b0\u1ee1ng th\u00e0nh ngh\u00eau th\u01b0\u01a1ng ph\u1ea9m.<\/p>\n\n\n\n<p>Ng\u00e0y 10-11-2009, Qu\u1ef9 B\u1ea3o t\u1ed3n thi\u00ean nhi\u00ean qu\u1ed1c t\u1ebf (WWF) ch\u00ednh th\u1ee9c c\u00f4ng b\u1ed1 ngh\u1ec1 nu\u00f4i v\u00e0 khai th\u00e1c ngh\u00eau t\u1ea1i B\u1ebfn Tre \u0111\u01b0\u1ee3c H\u1ed9i \u0111\u1ed3ng B\u1ea3o t\u1ed3n bi\u1ec3n qu\u1ed1c t\u1ebf (Marine Stewardship Council) c\u1ea5p ch\u1ee9ng nh\u1eadn MSC. \u0110\u00e2y l\u00e0 l\u1ea7n \u0111\u1ea7u ti\u00ean MSC c\u1ea5p ch\u1ee9ng nh\u1eadn \u0111\u1ea1t chu\u1ea9n cho m\u1ed9t v\u00f9ng nu\u00f4i ngh\u00eau t\u1ea1i \u0110\u00f4ng Nam \u00c1.&nbsp; T\u1ed5 ch\u1ee9c c\u00f3 uy t\u00edn tr\u00ean th\u1ebf gi\u1edbi n\u00e0y \u0111\u00e3 x\u00e1c nh\u1eadn&nbsp; v\u00f9ng nu\u00f4i ngh\u00eau t\u1ea1i B\u1ebfn Tre \u0111\u00e3 \u0111\u00e1p \u1ee9ng qui tr\u00ecnh nu\u00f4i kh\u00e9p k\u00edn t\u1eeb kh\u00e2u b\u1ea3o t\u1ed3n, khai th\u00e1c, qu\u1ea3n l\u00fd m\u00f4i tr\u01b0\u1eddng, \u0111\u1ea3m b\u1ea3o t\u00ednh \u0111a d\u1ea1ng sinh h\u1ecdc v\u00e0 an to\u00e0n v\u1ec7 sinh th\u1ef1c ph\u1ea9m.<\/p>\n\n\n\n<p><em>\u00ad<\/em><strong>Ngh\u00eau l\u1ee5a<\/strong>&nbsp;<em>(<\/em>t\u00ean khoa h\u1ecdc<em>&nbsp;Paphia Undulata) :<\/em><\/p>\n\n\n\n<p>&#8211; Ngh\u00eau l\u1ee5a&nbsp;<em>(Paphia Undulata)&nbsp;<\/em>sinh tr\u01b0\u1edfng t\u1ef1 nhi\u00ean v\u00e0 ph\u00e1t tri\u1ec3n t\u1ea1i c\u00e1c v\u00f9ng bi\u1ec3n Nam Trung b\u1ed9&nbsp;<em>(B\u00ecnh Thu\u1eadn)<\/em>&nbsp;v\u00e0 T\u00e2y Nam b\u1ed9&nbsp;<em>(H\u00e0 Ti\u00ean \u2013 Ki\u00ean Giang)<\/em>&nbsp;v\u1edbi s\u1ea3n l\u01b0\u1ee3ng nguy\u00ean li\u1ec7u c\u00f3 th\u1ec3 h\u01a1n 50.000 t\u1ea5n\/n\u0103m&nbsp;<em>(t\u01b0\u01a1ng \u0111\u01b0\u01a1ng 10.000 t\u1ea5n th\u00e0nh ph\u1ea9m)<\/em>.<\/p>\n\n\n\n<p><strong>Nguy\u00ean li\u1ec7u cung c\u1ea5p cho nh\u00e0 m\u00e1y H\u01b0ng Tr\u01b0\u1eddng Ph\u00e1t<\/strong><\/p>\n\n\n\n<p>Hi\u1ec7n nay C\u00f4ng ty C\u1ed5 ph\u1ea7n th\u1ee7y s\u1ea3n\u00a0H\u01b0ng Tr\u01b0\u1eddng Ph\u00e1t ch\u1ee7 y\u1ebfu thu mua ngu\u1ed3n nguy\u00ean li\u1ec7u ngh\u00eau t\u1eeb B\u1ebfn Tre.<\/p>\n","protected":false},"excerpt":{"rendered":"<p>Ngu\u1ed3n nguy\u00ean li\u1ec7u Ngh\u00eau tr\u1eafng&nbsp;(t\u00ean khoa h\u1ecdc&nbsp;Meretrix lyrata) : &#8211; Ngh\u00eau tr\u1eafng&nbsp;(Meretrix lyrata)&nbsp;sinh tr\u01b0\u1edfng t\u1ef1 nhi\u00ean v\u00e0 ph\u00e1t tri\u1ec3n t\u1ed1t tr\u00ean b\u00e3i c\u00e1t ven b\u1edd t\u1ea1i c\u00e1c v\u00f9ng bi\u1ec3n mi\u1ec1n Nam v\u00e0 mi\u1ec1n B\u1eafc &#8211; Vi\u1ec7t Nam thu\u1ed9c Bi\u1ec3n \u0110\u00f4ng -Th\u00e1i B\u00ecnh D\u01b0\u01a1ng. V\u00f9ng nguy\u00ean li\u1ec7u \u1edf mi\u1ec1n Nam (FAO71)&nbsp;t\u1eadp trung tr\u1ea3i d\u00e0i d\u1ecdc b\u1edd &#8230;<\/p>\n","protected":false},"author":1,"featured_media":0,"parent":0,"menu_order":0,"comment_status":"closed","ping_status":"closed","template":"page-right-sidebar.php","meta":{"footnotes":""},"class_list":["post-634","page","type-page","status-publish","hentry"],"_links":{"self":[{"href":"https:\/\/aquamarine.com.vn\/vi\/wp-json\/wp\/v2\/pages\/634","targetHints":{"allow":["GET"]}}],"collection":[{"href":"https:\/\/aquamarine.com.vn\/vi\/wp-json\/wp\/v2\/pages"}],"about":[{"href":"https:\/\/aquamarine.com.vn\/vi\/wp-json\/wp\/v2\/types\/page"}],"author":[{"embeddable":true,"href":"https:\/\/aquamarine.com.vn\/vi\/wp-json\/wp\/v2\/users\/1"}],"replies":[{"embeddable":true,"href":"https:\/\/aquamarine.com.vn\/vi\/wp-json\/wp\/v2\/comments?post=634"}],"version-history":[{"count":3,"href":"https:\/\/aquamarine.com.vn\/vi\/wp-json\/wp\/v2\/pages\/634\/revisions"}],"predecessor-version":[{"id":1147,"href":"https:\/\/aquamarine.com.vn\/vi\/wp-json\/wp\/v2\/pages\/634\/revisions\/1147"}],"wp:attachment":[{"href":"https:\/\/aquamarine.com.vn\/vi\/wp-json\/wp\/v2\/media?parent=634"}],"curies":[{"name":"wp","href":"https:\/\/api.w.org\/{rel}","templated":true}]}}