{"id":618,"date":"2019-10-05T07:08:01","date_gmt":"2019-10-05T00:08:01","guid":{"rendered":"https:\/\/aquamarine.com.vn\/?page_id=618"},"modified":"2019-11-25T10:17:28","modified_gmt":"2019-11-25T03:17:28","slug":"phat-trien-ben-vung","status":"publish","type":"page","link":"https:\/\/aquamarine.com.vn\/vi\/phat-trien-ben-vung","title":{"rendered":"Ph\u00e1t tri\u1ec3n b\u1ec1n v\u1eefng"},"content":{"rendered":"<p><\/p>\n<p class=\"has-large-font-size\"><strong>\u00a0 \u00a0 \u00a0Ph\u00e1t tri\u1ec3n b\u1ec1n v\u1eefng<\/strong><\/p>\n<p><\/p>\n<p><\/p>\n<p><strong>\u00a0 \u00a0 \u00a0T\u1ea7m nh\u00ecn<\/strong><\/p>\n<p><\/p>\n<p><\/p>\n<p>\u00a0 \u00a0 \u00a0 C\u00f4ng ty C\u1ed5 ph\u1ea7n Th\u1ee7y s\u1ea3n H\u01b0ng Tr\u01b0\u1eddng Ph\u00e1t <em>(AQUAMARINE-HTP)\u00a0<\/em>\u0111\u1ea3m b\u1ea3o th\u1ef1c hi\u1ec7n vi\u1ec7c b\u1ea3o t\u1ed3n v\u00e0 ph\u00e1t tri\u1ec3n b\u1ec1n v\u1eefng c\u00e1c s\u1ea3n ph\u1ea9m nhuy\u1ec5n th\u1ec3 hai m\u1ea3nh v\u1ecf \u1edf Vi\u1ec7t Nam, \u0111\u1eb7c bi\u1ec7t l\u00e0 Ngh\u00eau B\u1ebfn Tre\u00a0<em>(Meretrix Lyrata)\u00a0<\/em>\u0111\u1ec3 \u0111\u1ea1t \u0111\u01b0\u1ee3c l\u1ee3i th\u1ebf c\u1ea1nh tranh cho H\u01b0ng Tr\u01b0\u1eddng Ph\u00e1t.<\/p>\n<p><\/p>\n<p><\/p>\n<p><strong>\u00a0 \u00a0 S\u1ee9 m\u1ec7nh<\/strong><\/p>\n<p><\/p>\n<p><\/p>\n<p>\u00a0 \u00a0 Kh\u00f4ng ng\u1eebng ph\u00e1t tri\u1ec3n v\u00e0 c\u1ea3i ti\u1ebfn li\u00ean t\u1ee5c, AQUAMARINE-HTP camk\u1ebft \u0111\u1ea3m b\u1ea3o \u0111\u1ea1t \u0111\u01b0\u1ee3c c\u00e1c ti\u00eau chu\u1ea9n cao nh\u1ea5t v\u1ec1 Ch\u1ea5t l\u01b0\u1ee3ng, An to\u00e0n th\u1ef1c ph\u1ea9m, M\u00f4i tr\u01b0\u1eddng, B\u1ec1n v\u1eefng v\u00e0 Tr\u00e1ch nhi\u1ec7m x\u00e3 h\u1ed9i.<\/p>\n<p><\/p>\n<p><\/p>\n<p><strong>\u00a0 \u00a0 Gi\u00e1 tr\u1ecb c\u1ed1t l\u00f5i<\/strong><\/p>\n<p><\/p>\n<p><\/p>\n<p>\u00a0 \u00a0 Ch\u00fang t\u00f4i cam k\u1ebft: Gi\u1eef vai tr\u00f2 l\u00e0 \u0111\u1ed1i t\u00e1c t\u00edch c\u1ef1c trong chu\u1ed7i cung\u1ee9ng, ch\u00fang t\u00f4i \u0111\u1ea3m b\u1ea3o x\u00e2y d\u1ef1ng v\u00e0 duy tr\u00ec m\u1ed1i quan h\u1ec7 v\u1ec1 l\u1ee3i \u00edch m\u1ed9t c\u00e1ch h\u00e0i h\u00f2a gi\u1eefa c\u00e1c b\u00ean \u0111\u1ec3 c\u00f9ng ph\u00e1t tri\u1ec3n.<\/p>\n<p><\/p>\n<p><\/p>\n<p>\u00a0 \u00a0 Kh\u00f4ng ng\u1eebng \u0111\u1ed5i m\u1edbi v\u00e0 ph\u00e1t tri\u1ec3n s\u1ea3n ph\u1ea9m l\u00e0 n\u1ec1n t\u1ea3ng t\u1ea1o ra s\u1ef1 kh\u00e1c bi\u1ec7t v\u1ec1 ch\u1ea5t l\u01b0\u1ee3ng v\u00e0 t\u00ednh \u1ed5n \u0111\u1ecbnh gi\u1eefa s\u1ea3n ph\u1ea9m c\u1ee7a ch\u00fang t\u00f4i so v\u1edbi c\u00e1c s\u1ea3n ph\u1ea9m c\u1ea1nh tranh.<\/p>\n<p><\/p>","protected":false},"excerpt":{"rendered":"<p>\u00a0 \u00a0 \u00a0Ph\u00e1t tri\u1ec3n b\u1ec1n v\u1eefng \u00a0 \u00a0 \u00a0T\u1ea7m nh\u00ecn \u00a0 \u00a0 \u00a0 C\u00f4ng ty C\u1ed5 ph\u1ea7n Th\u1ee7y s\u1ea3n H\u01b0ng Tr\u01b0\u1eddng Ph\u00e1t (AQUAMARINE-HTP)\u00a0\u0111\u1ea3m b\u1ea3o th\u1ef1c hi\u1ec7n vi\u1ec7c b\u1ea3o t\u1ed3n v\u00e0 ph\u00e1t tri\u1ec3n b\u1ec1n v\u1eefng c\u00e1c s\u1ea3n ph\u1ea9m nhuy\u1ec5n th\u1ec3 hai m\u1ea3nh v\u1ecf \u1edf Vi\u1ec7t Nam, \u0111\u1eb7c bi\u1ec7t l\u00e0 Ngh\u00eau B\u1ebfn Tre\u00a0(Meretrix Lyrata)\u00a0\u0111\u1ec3 \u0111\u1ea1t \u0111\u01b0\u1ee3c l\u1ee3i &#8230;<\/p>\n","protected":false},"author":1,"featured_media":0,"parent":0,"menu_order":0,"comment_status":"closed","ping_status":"closed","template":"page-blank.php","meta":{"footnotes":""},"class_list":["post-618","page","type-page","status-publish","hentry"],"_links":{"self":[{"href":"https:\/\/aquamarine.com.vn\/vi\/wp-json\/wp\/v2\/pages\/618","targetHints":{"allow":["GET"]}}],"collection":[{"href":"https:\/\/aquamarine.com.vn\/vi\/wp-json\/wp\/v2\/pages"}],"about":[{"href":"https:\/\/aquamarine.com.vn\/vi\/wp-json\/wp\/v2\/types\/page"}],"author":[{"embeddable":true,"href":"https:\/\/aquamarine.com.vn\/vi\/wp-json\/wp\/v2\/users\/1"}],"replies":[{"embeddable":true,"href":"https:\/\/aquamarine.com.vn\/vi\/wp-json\/wp\/v2\/comments?post=618"}],"version-history":[{"count":7,"href":"https:\/\/aquamarine.com.vn\/vi\/wp-json\/wp\/v2\/pages\/618\/revisions"}],"predecessor-version":[{"id":942,"href":"https:\/\/aquamarine.com.vn\/vi\/wp-json\/wp\/v2\/pages\/618\/revisions\/942"}],"wp:attachment":[{"href":"https:\/\/aquamarine.com.vn\/vi\/wp-json\/wp\/v2\/media?parent=618"}],"curies":[{"name":"wp","href":"https:\/\/api.w.org\/{rel}","templated":true}]}}