{"id":467,"date":"2018-08-07T09:23:08","date_gmt":"2018-08-07T02:23:08","guid":{"rendered":"https:\/\/bizhostvn.com\/w\/vcheck\/?page_id=467"},"modified":"2019-12-24T13:32:07","modified_gmt":"2019-12-24T06:32:07","slug":"gioi-thieu","status":"publish","type":"page","link":"https:\/\/aquamarine.com.vn\/vi\/gioi-thieu","title":{"rendered":"Gi\u1edbi thi\u1ec7u"},"content":{"rendered":"\nC\u00f4ng ty C\u1ed5 ph\u1ea7n Th\u1ee7y s\u1ea3n H\u01b0ng Tr\u01b0\u1eddng Ph\u00e1t \u0111\u01b0\u1ee3c th\u00e0nh l\u1eadp v\u00e0o ng\u00e0y 29\/01\/2015 t\u1ea1i huy\u1ec7n B\u00ecnh \u0110\u1ea1i, t\u1ec9nh B\u1ebfn Tre, Vi\u1ec7t Nam\n<p style=\"text-align: center;\"><img loading=\"lazy\" decoding=\"async\" class=\" wp-image-613 aligncenter\" src=\"\/wp-content\/uploads\/2019\/10\/Hung-Truong-Phat.jpg\" alt=\"\" width=\"416\" height=\"207\" srcset=\"https:\/\/aquamarine.com.vn\/wp-content\/uploads\/2019\/10\/Hung-Truong-Phat.jpg 600w, https:\/\/aquamarine.com.vn\/wp-content\/uploads\/2019\/10\/Hung-Truong-Phat-300x149.jpg 300w\" sizes=\"auto, (max-width: 416px) 100vw, 416px\" \/><\/p>\nHo\u1ea1t \u0111\u1ed9ng tr\u00ean l\u0129nh v\u1ef1c:\n\n&#8211; Ch\u1ebf bi\u1ebfn v\u00e0 xu\u1ea5t kh\u1ea9u&nbsp;c\u00e1c s\u1ea3n ph\u1ea9m v\u1ec1 ngh\u00eau nguy\u00ean con h\u1ea5p ch\u00edn&nbsp;\u0111\u00f4ng l\u1ea1nh (<em>Meretrix Lyrata<\/em>)\n\n&#8211; Ch\u1ebf bi\u1ebfn v\u00e0 xu\u1ea5t kh\u1ea9u c\u00e1c s\u1ea3n ph\u1ea9m ngh\u00eau th\u1ecbt \u0111\u00f4ng l\u1ea1nh v\u00e0 ngh\u00eau l\u1ee5a th\u1ecbt \u0111\u00f4ng l\u1ea1nh (<em>Paphia Undulata<\/em>).\n\nC\u00f4ng ty C\u1ed5 ph\u1ea7n th\u1ee7y s\u1ea3n H\u01b0ng Tr\u01b0\u1eddng Ph\u00e1t&nbsp;c\u00f3 \u0111\u1ed9i ng\u0169 c\u00e1n b\u1ed9 qu\u1ea3n l\u00fd, nh\u00e2n vi\u00ean nghi\u1ec7p v\u1ee5&nbsp;v\u00e0 k\u1ef9 thu\u1eadt chuy\u00ean nghi\u1ec7p&nbsp;v\u1edbi h\u01a1n 15 n\u0103m kinh nghi\u1ec7m l\u00e0m vi\u1ec7c trong ng\u00e0nh. B\u00ean c\u1ea1nh \u0111\u00f3 C\u00f4ng ty c\u00f2n&nbsp;\u1ee9ng d\u1ee5ng nh\u1eefng c\u00f4ng ngh\u1ec7, trang thi\u1ebft b\u1ecb hi\u1ec7n \u0111\u1ea1i v\u00e0 nh\u1eefng th\u00e0nh t\u1ef1u khoa h\u1ecdc, k\u1ef9 thu\u1eadt m\u1edbi nh\u1ea5t. Quy tr\u00ecnh s\u1ea3n xu\u1ea5t c\u1ee7a c\u00f4ng ty \u0111\u01b0\u1ee3c \u00e1p d\u1ee5ng c\u00e1c h\u1ec7 th\u1ed1ng qu\u1ea3n l\u00fd ch\u1ea5t l\u01b0\u1ee3ng \u0111\u1ea1t ti\u00eau chu\u1ea9n qu\u1ed1c t\u1ebf c\u00f9ng v\u1edbi ph\u00f2ng th\u00ed nghi\u1ec7m \u0111\u1ed9c l\u1eadp \u0111\u00e3 gi\u00fap c\u00f4ng ty t\u1ea1o ra c\u00e1c s\u1ea3n ph\u1ea9m ti\u00eau chu\u1ea9n cao nh\u1ea5t v\u1ec1 Ch\u1ea5t l\u01b0\u1ee3ng, An to\u00e0n th\u1ef1c ph\u1ea9m, M\u00f4i tr\u01b0\u1eddng, B\u1ec1n v\u1eefng v\u00e0 Tr\u00e1ch nhi\u1ec7m x\u00e3 h\u1ed9i.\n","protected":false},"excerpt":{"rendered":"<p>C\u00f4ng ty C\u1ed5 ph\u1ea7n Th\u1ee7y s\u1ea3n H\u01b0ng Tr\u01b0\u1eddng Ph\u00e1t \u0111\u01b0\u1ee3c th\u00e0nh l\u1eadp v\u00e0o ng\u00e0y 29\/01\/2015 t\u1ea1i huy\u1ec7n B\u00ecnh \u0110\u1ea1i, t\u1ec9nh B\u1ebfn Tre, Vi\u1ec7t Nam Ho\u1ea1t \u0111\u1ed9ng tr\u00ean l\u0129nh v\u1ef1c: &#8211; Ch\u1ebf bi\u1ebfn v\u00e0 xu\u1ea5t kh\u1ea9u&nbsp;c\u00e1c s\u1ea3n ph\u1ea9m v\u1ec1 ngh\u00eau nguy\u00ean con h\u1ea5p ch\u00edn&nbsp;\u0111\u00f4ng l\u1ea1nh (Meretrix Lyrata) &#8211; Ch\u1ebf bi\u1ebfn v\u00e0 xu\u1ea5t kh\u1ea9u c\u00e1c s\u1ea3n ph\u1ea9m &#8230;<\/p>\n","protected":false},"author":1,"featured_media":0,"parent":0,"menu_order":0,"comment_status":"closed","ping_status":"closed","template":"page-right-sidebar.php","meta":{"footnotes":""},"class_list":["post-467","page","type-page","status-publish","hentry"],"_links":{"self":[{"href":"https:\/\/aquamarine.com.vn\/vi\/wp-json\/wp\/v2\/pages\/467","targetHints":{"allow":["GET"]}}],"collection":[{"href":"https:\/\/aquamarine.com.vn\/vi\/wp-json\/wp\/v2\/pages"}],"about":[{"href":"https:\/\/aquamarine.com.vn\/vi\/wp-json\/wp\/v2\/types\/page"}],"author":[{"embeddable":true,"href":"https:\/\/aquamarine.com.vn\/vi\/wp-json\/wp\/v2\/users\/1"}],"replies":[{"embeddable":true,"href":"https:\/\/aquamarine.com.vn\/vi\/wp-json\/wp\/v2\/comments?post=467"}],"version-history":[{"count":2,"href":"https:\/\/aquamarine.com.vn\/vi\/wp-json\/wp\/v2\/pages\/467\/revisions"}],"predecessor-version":[{"id":1078,"href":"https:\/\/aquamarine.com.vn\/vi\/wp-json\/wp\/v2\/pages\/467\/revisions\/1078"}],"wp:attachment":[{"href":"https:\/\/aquamarine.com.vn\/vi\/wp-json\/wp\/v2\/media?parent=467"}],"curies":[{"name":"wp","href":"https:\/\/api.w.org\/{rel}","templated":true}]}}