{"id":1131,"date":"2020-04-22T21:04:55","date_gmt":"2020-04-22T14:04:55","guid":{"rendered":"https:\/\/aquamarine.com.vn\/vi\/?page_id=1131"},"modified":"2022-02-28T15:14:19","modified_gmt":"2022-02-28T08:14:19","slug":"bao-mat-thong-tin","status":"publish","type":"page","link":"https:\/\/aquamarine.com.vn\/vi\/bao-mat-thong-tin","title":{"rendered":"B\u1ea3o m\u1eadt th\u00f4ng tin"},"content":{"rendered":"\r\n<p>C\u00d4NG TY C\u1ed4 PH\u1ea6N THU\u1ef6 S\u1ea2N H\u01afNG TR\u01af\u1edcNG PH\u00c1T xin c\u1ea3m \u01a1n t\u1ea5t c\u1ea3 qu\u00fd kh\u00e1ch \u0111\u00e3 tin t\u01b0\u1edfng gh\u00e9 th\u0103m website c\u1ee7a ch\u00fang t\u00f4i.<\/p>\r\n<p>L\u00e0 c\u00f4ng ty ho\u1ea1t \u0111\u1ed9ng uy t\u00edn tr\u00ean l\u0129nh v\u1ef1c ch\u1ebf bi\u1ebfn v\u00e0 xu\u1ea5t kh\u1ea9u th\u1ee7y s\u1ea3n t\u1eeb nhi\u1ec1u n\u0103m nay, v\u00ec v\u1eady Qu\u00fd kh\u00e1ch h\u00e0ng h\u00e3y y\u00ean t\u00e2m v\u00e0 tin t\u01b0\u1edfng r\u1eb1ng ch\u00fang t\u00f4i lu\u00f4n h\u1ebft m\u00ecnh v\u00e0 \u0111\u1ecbnh ra nguy\u00ean t\u1eafc b\u1ea3o m\u1eadt th\u00f4ng tin ri\u00eang t\u01b0, nghi\u00eam ng\u1eb7t cam k\u1ebft s\u1ebd b\u1ea3o m\u1eadt nh\u1eefng th\u00f4ng tin mang t\u00ednh ri\u00eang t\u01b0 c\u1ee7a qu\u00fd kh\u00e1ch.<br \/>Qu\u00fd kh\u00e1ch vui l\u00f2ng \u0111\u1ecdc b\u1ea3n \u201cCh\u00ednh s\u00e1ch b\u1ea3o m\u1eadt\u201d d\u01b0\u1edbi \u0111\u00e2y \u0111\u1ec3 hi\u1ec3u h\u01a1n nh\u1eefng cam k\u1ebft m\u00e0 ch\u00fang t\u00f4i th\u1ef1c hi\u1ec7n, nh\u1eb1m t\u00f4n tr\u1ecdng v\u00e0 b\u1ea3o v\u1ec7 quy\u1ec1n l\u1ee3i c\u1ee7a kh\u00e1ch h\u00e0ng.<\/p>\r\n<ol>\r\n<li>M\u1ee5c \u0110\u00edch &amp; Ph\u1ea1m Vi Thu Th\u1eadp Th\u00f4ng Tin C\u00e1 Nh\u00e2n<br \/>\u2013\u00a0 M\u1ee5c \u0111\u00edch thu th\u1eadp:<br \/>C\u00d4NG TY C\u1ed4 PH\u1ea6N THU\u1ef6 S\u1ea2N H\u01afNG TR\u01af\u1edcNG PH\u00c1T thu th\u1eadp v\u00e0 s\u1eed d\u1ee5ng th\u00f4ng tin c\u00e1 nh\u00e2n c\u1ee7a kh\u00e1ch h\u00e0ng, v\u1edbi m\u1ee5c \u0111\u00edch ph\u00f9 h\u1ee3p v\u00e0 ho\u00e0n to\u00e0n tu\u00e2n th\u1ee7 n\u1ed9i dung c\u1ee7a \u201cCh\u00ednh s\u00e1ch b\u1ea3o m\u1eadt\u201d n\u00e0y.\u00a0 Khi c\u1ea7n thi\u1ebft, ch\u00fang t\u00f4i c\u00f3 th\u1ec3 s\u1eed d\u1ee5ng nh\u1eefng th\u00f4ng tin n\u00e0y \u0111\u1ec3 li\u00ean h\u1ec7 tr\u1ef1c ti\u1ebfp v\u1edbi kh\u00e1ch h\u00e0ng d\u01b0\u1edbi c\u00e1c h\u00ecnh th\u1ee9c nh\u01b0: \u0111\u01a1n \u0111\u1eb7t h\u00e0ng, g\u1eedi th\u01b0, li\u00ean\u00a0 h\u1ec7 th\u00f4ng tin giao h\u00e0ng, \u2026..<\/li>\r\n<\/ol>\r\n<p>\u2013\u00a0 Ph\u1ea1m vi th\u00f4ng tin thu th\u1eadp:<br \/>Th\u00f4ng tin c\u00e1 nh\u00e2n c\u1ee7a kh\u00e1ch h\u00e0ng \u0111\u01b0\u1ee3c y\u00eau c\u1ea7u cung c\u1ea5p bao g\u1ed3m: t\u00ean c\u00f4ng ty, \u0111\u1ecba ch\u1ec9,\u00a0 s\u1ed1 \u0111i\u1ec7n tho\u1ea1i, email,\u2026<br \/>\u2013 M\u1ecdi th\u00f4ng tin khai b\u00e1o ph\u1ea3i \u0111\u1ea3m b\u1ea3o t\u00ednh ch\u00ednh x\u00e1c v\u00e0 h\u1ee3p ph\u00e1p. C\u00d4NG TY C\u1ed4 PH\u1ea6N THU\u1ef6 S\u1ea2N H\u01afNG TR\u01af\u1edcNG PH\u00c1T kh\u00f4ng ch\u1ecbu m\u1ecdi tr\u00e1ch nhi\u1ec7m li\u00ean quan \u0111\u1ebfn ph\u00e1p lu\u1eadt c\u1ee7a th\u00f4ng tin khai b\u00e1o.<\/p>\r\n<ol start=\"2\">\r\n<li>Ph\u1ea1m vi s\u1eed d\u1ee5ng th\u00f4ng tin:<br \/>\u2013 Ch\u00fang t\u00f4i ch\u1ec9 s\u1eed d\u1ee5ng th\u00f4ng tin c\u1ee7a kh\u00e1ch h\u00e0ng \u0111\u00e3 cung c\u1ea5p \u0111\u1ec3 cung c\u1ea5p d\u1ecbch v\u1ee5 ch\u0103m s\u00f3c kh\u00e1ch h\u00e0ng: g\u1ecdi \u0111i\u1ec7n tho\u1ea1i ho\u1eb7c email \u0111\u1ec3 h\u1ecfi th\u0103m, ch\u0103m s\u00f3c qu\u00e1 tr\u00ecnh s\u1eed d\u1ee5ng s\u1ea3n ph\u1ea9m c\u1ee7a qu\u00fd kh\u00e1ch sau mua h\u00e0ng, g\u1eedi l\u1eddi ch\u00fac m\u1eebng v\u00e0 phi\u1ebfu kh\u1ea3o s\u00e1t&#8230;<\/li>\r\n<li>Th\u1eddi gian l\u01b0u tr\u1eef th\u00f4ng tin<br \/>\u2013 Th\u1eddi gian l\u01b0u tr\u1eef th\u00f4ng tin kh\u00e1ch h\u00e0ng v\u00f4 th\u1eddi h\u1ea1n, \u0111\u1ec3 cung c\u1ea5p t\u1edbi kh\u00e1ch h\u00e0ng d\u1ecbch v\u1ee5 sau b\u00e1n h\u00e0ng chu \u0111\u00e1o nh\u1ea5t.<br \/>\u2013 Kh\u00e1ch h\u00e0ng ho\u00e0n to\u00e0n c\u00f3 th\u1ec3 t\u1eeb ch\u1ed1i v\u00e0 y\u00eau c\u1ea7u C\u00d4NG TY C\u1ed4 PH\u1ea6N THU\u1ef6 S\u1ea2N H\u01afNG TR\u01af\u1edcNG PH\u00c1T x\u00f3a th\u00f4ng tin c\u00e1 nh\u00e2n kh\u00e1ch h\u00e0ng \u0111\u00e3 cung c\u1ea5p, t\u1eeb ch\u1ed1i ti\u1ebfp nh\u1eadn d\u1ecbch v\u1ee5 ch\u0103m s\u00f3c kh\u00e1ch h\u00e0ng n\u1ebfu th\u1ea5y kh\u00f4ng ph\u00f9 h\u1ee3p b\u1ea5t c\u1ee9 l\u00fac n\u00e0o qua email, ho\u1eb7c g\u1ecdi \u0111i\u1ec7n tho\u1ea1i.\u00a0<\/li>\r\n<\/ol>\r\n<p>4.Nh\u1eefng ng\u01b0\u1eddi ho\u1eb7c t\u1ed5 ch\u1ee9c c\u00f3 th\u1ec3 \u0111\u01b0\u1ee3c ti\u1ebfp c\u1eadn v\u1edbi th\u00f4ng tin<\/p>\r\n<p>Ch\u00fang t\u00f4i ch\u1ec9 s\u1eed d\u1ee5ng th\u00f4ng tin kh\u00e1ch h\u00e0ng v\u00e0o nh\u1eefng vi\u1ec7c ho\u00e0n to\u00e0n ch\u00ednh \u0111\u00e1ng, \u0111\u01b0\u1ee3c s\u1ef1 \u0111\u1ed3ng \u00fd ch\u1ea5p thu\u1eadn c\u1ee7a kh\u00e1ch h\u00e0ng. Tuy\u1ec7t \u0111\u1ed1i kh\u00f4ng cung c\u1ea5p th\u00f4ng tin cho m\u1ed9t b\u00ean th\u1ee9 3 n\u1ebfu kh\u00f4ng \u0111\u01b0\u1ee3c kh\u00e1ch h\u00e0ng \u0111\u1ed3ng \u00fd. Ch\u1ec9 cung c\u1ea5p th\u00f4ng tin c\u1ee7a kh\u00e1ch h\u00e0ng khi n\u00f3 c\u00f3 l\u1ee3i v\u1edbi kh\u00e1ch h\u00e0ng v\u00e0 \u0111\u01b0\u1ee3c s\u1ef1 cho ph\u00e9p c\u1ee7a kh\u00e1ch h\u00e0ng. Nh\u01b0ng ch\u00fang t\u00f4i v\u1eabn s\u1ebb ph\u1ea3i cung c\u1ea5p th\u00f4ng tin cho b\u00ean th\u1ee9 3 trong m\u1ed9t s\u1ed1 tr\u01b0\u1eddng h\u1ee3p sau:\u00a0<\/p>\r\n<p>\u00a0 -\u0110\u01b0\u1ee3c s\u1ef1 cho ph\u00e9p c\u1ee7a kh\u00e1ch h\u00e0ng\u00a0<\/p>\r\n<p>\u00a0 -Theo y\u00eau c\u1ea7u c\u1ee7a c\u00e1c t\u1ed5 ch\u1ee9c, c\u01a1 quan, ch\u00ednh ph\u1ee7, nh\u00e0 n\u01b0\u1edbc khi x\u00e1c nh\u1eadn \u0111\u01b0\u1ee3c vi\u1ec7c l\u00e0m \u0111\u00f3 l\u00e0 h\u1ee3p ph\u00e1p v\u00e0 kh\u00f4ng vi ph\u1ea1m ph\u00e1p lu\u1eadt nh\u00e0 n\u01b0\u1edbc Vi\u1ec7t Nam<\/p>\r\n<ol start=\"5\">\r\n<li>\u0110\u1ecba ch\u1ec9 c\u1ee7a \u0111\u01a1n v\u1ecb thu th\u1eadp v\u00e0 qu\u1ea3n l\u00fd th\u00f4ng tin c\u00e1 nh\u00e2n<\/li>\r\n<\/ol>\r\n<p>C\u00d4NG TY C\u1ed4 PH\u1ea6N THU\u1ef6 S\u1ea2N H\u01afNG TR\u01af\u1edcNG PH\u00c1T<br \/>\u0110\u1ecba ch\u1ec9: T\u1ed5 11, \u1ea4p H\u01b0ng Ch\u00e1nh, X\u00e3 Ch\u00e2u H\u01b0ng, Huy\u1ec7n B\u00ecnh \u0110\u1ea1i, T\u1ec9nh B\u1ebfn Tre<\/p>\r\n<p>\u0110i\u1ec7n tho\u1ea1i:\u00a0 \u00a0 +84 2753 745 399<\/p>\r\n<p>Email:\u00a0 \u00a0 contact@aquamarine.com.vn<\/p>\r\n<p>Website: www.aquamarine.com.vn<\/p>\r\n<ol start=\"6\">\r\n<li>Cam k\u1ebft b\u1ea3o m\u1eadt th\u00f4ng tin c\u00e1 nh\u00e2n kh\u00e1ch h\u00e0ng<br \/>\u2013 Ch\u00fang t\u00f4i cam k\u1ebft b\u1ea3o m\u1eadt th\u00f4ng tin c\u00e1 nh\u00e2n c\u1ee7a kh\u00e1ch h\u00e0ng m\u1ed9t c\u00e1ch tuy\u1ec7t\u00a0 \u0111\u1ed1i<br \/>\u2013 Kh\u00f4ng cung c\u1ea5p ho\u1eb7c l\u00e0m l\u1ed9 th\u00f4ng tin cho b\u00ean th\u1ee9 3<br \/>\u2013 Ch\u1ec9 l\u01b0u h\u00e0nh n\u1ed9i b\u1ed9 ph\u1ee5c v\u1ee5 c\u00f4ng vi\u1ec7c ch\u0103m s\u00f3c kh\u00e1ch h\u00e0ng<\/li>\r\n<li>C\u01a1 ch\u1ebf ti\u1ebfp nh\u1eadn v\u00e0 gi\u1ea3i quy\u1ebft khi\u1ebfu n\u1ea1i c\u1ee7a ng\u01b0\u1eddi ti\u00eau d\u00f9ng<br \/>M\u1ecdi th\u00f4ng tin,\u00fd ki\u1ebfn \u0111\u00f3ng g\u00f3p, nh\u1eadn x\u00e9t c\u1ee7a qu\u00fd kh\u00e1ch h\u00e0ng xin vui l\u00f2ng g\u1eedi v\u1ec1 h\u1ed9p th\u01b0 \u0111i\u1ec7n t\u1eed\u00a0 contac@aquamarine.com.vn<\/li>\r\n<\/ol>\r\n<p style=\"text-align: center;\"><strong>C\u00e1m \u01a1n s\u1ef1 h\u1ee3p t\u00e1c c\u1ee7a Qu\u00fd kh\u00e1ch!<\/strong><\/p>\r\n<p>&nbsp;<\/p>\r\n","protected":false},"excerpt":{"rendered":"<p>C\u00d4NG TY C\u1ed4 PH\u1ea6N THU\u1ef6 S\u1ea2N H\u01afNG TR\u01af\u1edcNG PH\u00c1T xin c\u1ea3m \u01a1n t\u1ea5t c\u1ea3 qu\u00fd kh\u00e1ch \u0111\u00e3 tin t\u01b0\u1edfng gh\u00e9 th\u0103m website c\u1ee7a ch\u00fang t\u00f4i. L\u00e0 c\u00f4ng ty ho\u1ea1t \u0111\u1ed9ng uy t\u00edn tr\u00ean l\u0129nh v\u1ef1c ch\u1ebf bi\u1ebfn v\u00e0 xu\u1ea5t kh\u1ea9u th\u1ee7y s\u1ea3n t\u1eeb nhi\u1ec1u n\u0103m nay, v\u00ec v\u1eady Qu\u00fd kh\u00e1ch h\u00e0ng h\u00e3y y\u00ean t\u00e2m v\u00e0 &#8230;<\/p>\n","protected":false},"author":1,"featured_media":0,"parent":0,"menu_order":0,"comment_status":"closed","ping_status":"closed","template":"","meta":{"footnotes":""},"class_list":["post-1131","page","type-page","status-publish","hentry"],"_links":{"self":[{"href":"https:\/\/aquamarine.com.vn\/vi\/wp-json\/wp\/v2\/pages\/1131","targetHints":{"allow":["GET"]}}],"collection":[{"href":"https:\/\/aquamarine.com.vn\/vi\/wp-json\/wp\/v2\/pages"}],"about":[{"href":"https:\/\/aquamarine.com.vn\/vi\/wp-json\/wp\/v2\/types\/page"}],"author":[{"embeddable":true,"href":"https:\/\/aquamarine.com.vn\/vi\/wp-json\/wp\/v2\/users\/1"}],"replies":[{"embeddable":true,"href":"https:\/\/aquamarine.com.vn\/vi\/wp-json\/wp\/v2\/comments?post=1131"}],"version-history":[{"count":2,"href":"https:\/\/aquamarine.com.vn\/vi\/wp-json\/wp\/v2\/pages\/1131\/revisions"}],"predecessor-version":[{"id":1187,"href":"https:\/\/aquamarine.com.vn\/vi\/wp-json\/wp\/v2\/pages\/1131\/revisions\/1187"}],"wp:attachment":[{"href":"https:\/\/aquamarine.com.vn\/vi\/wp-json\/wp\/v2\/media?parent=1131"}],"curies":[{"name":"wp","href":"https:\/\/api.w.org\/{rel}","templated":true}]}}