{"id":1127,"date":"2020-04-22T20:58:12","date_gmt":"2020-04-22T13:58:12","guid":{"rendered":"https:\/\/aquamarine.com.vn\/vi\/?page_id=1127"},"modified":"2022-02-28T15:15:23","modified_gmt":"2022-02-28T08:15:23","slug":"doi-tra-hang-va-hoan-tien","status":"publish","type":"page","link":"https:\/\/aquamarine.com.vn\/vi\/doi-tra-hang-va-hoan-tien","title":{"rendered":"\u0110\u1ed5i Tr\u1ea3\/ H\u00e0ng v\u00e0 Ho\u00e0n Ti\u1ec1n"},"content":{"rendered":"\r\n<p>Ch\u00ednh S\u00e1ch \u0110\u1ed5i Tr\u1ea3\/ H\u00e0ng V\u00e0 Ho\u00e0n Ti\u1ec1n<br \/>Qu\u00fd kh\u00e1ch c\u00f3 th\u1ec3 th\u1ef1c hi\u1ec7n \u0111\u1ed5i tr\u1ea3 t\u1ea5t c\u1ea3 c\u00e1c s\u1ea3n ph\u1ea9m c\u1ee7a C\u00d4NG TY C\u1ed4 PH\u1ea6N THU\u1ef6 S\u1ea2N H\u01afNG TR\u01af\u1edcNG PH\u00c1T trong th\u1eddi h\u1ea1n 10 ng\u00e0y k\u1ec3 t\u1eeb ng\u00e0y nh\u1eadn s\u1ea3n ph\u1ea9m. S\u1ea3n ph\u1ea9m \u0111\u01b0\u1ee3c \u0111\u1ed5i tr\u1ea3 ph\u1ea3i c\u00f2n nguy\u00ean bao b\u00ec, nguy\u00ean \u0111ai nguy\u00ean ki\u1ec7n ban \u0111\u1ea7u.<\/p>\r\n<p>\u0110\u1ed1i v\u1edbi c\u00e1c m\u1eb7t h\u00e0ng kh\u00f4ng \u0111\u00fang theo y\u00eau c\u1ea7u, s\u1ea3n ph\u1ea9m b\u1ecb l\u1ed7i, sai quy c\u00e1ch ho\u1eb7c b\u1ecb h\u1ecfng h\u00f3c do qu\u00e1 tr\u00ecnh v\u1eadn chuy\u1ec3n, C\u00d4NG TY C\u1ed4 PH\u1ea6N THU\u1ef6 S\u1ea2N H\u01afNG TR\u01af\u1edcNG PH\u00c1T s\u1ebd ti\u1ebfn h\u00e0nh \u0111\u1ed5i tr\u1ea3 mi\u1ec5n ph\u00ed t\u1eadn n\u01a1i cho Qu\u00fd kh\u00e1ch.<br \/>\u00a0<br \/>CAM K\u1ebeT CH\u1ea4T L\u01af\u1ee2NG<\/p>\r\n<p>Trong su\u1ed1t qu\u00e1 tr\u00ecnh kinh doanh, C\u00d4NG TY C\u1ed4 PH\u1ea6N THU\u1ef6 S\u1ea2N H\u01afNG TR\u01af\u1edcNG PH\u00c1T s\u1ebd lu\u00f4n \u00fd th\u1ee9c vi\u1ec7c g\u00ecn gi\u1eef uy t\u00edn c\u1ee7a m\u00ecnh qua ch\u1ea5t l\u01b0\u1ee3ng c\u1ee7a t\u1eebng s\u1ea3n ph\u1ea9m. Ch\u00fang t\u00f4i lu\u00f4n cam k\u1ebft ch\u00ednh s\u00e1ch ch\u1ea5t l\u01b0\u1ee3ng c\u1ee7a C\u00f4ng ty:<\/p>\r\n<p>\u00a0\u201cS\u1ea3n xu\u1ea5t s\u1ea1ch \u2013 Clean Production<\/p>\r\n<p>\u00a0 \u00a0 \u00a0 \u00a0 \u00a0 \u00a0 \u00a0 \u00a0Ch\u1ea5t l\u01b0\u1ee3ng v\u00e0ng \u2013 Gold Quality<\/p>\r\n<p>\u00a0 \u00a0 \u00a0 \u00a0 \u00a0 \u00a0 \u00a0 \u00a0 \u00a0 \u00a0 \u00a0 \u00a0Kh\u00f4ng ng\u1eebng c\u1ea3i ti\u1ebfn \u2013 Continual Improvement<\/p>\r\n<p>\u00a0 \u00a0 \u00a0 \u00a0 \u00a0 \u00a0 \u00a0 \u00a0 \u00a0 \u00a0 \u00a0 \u00a0 \u00a0 \u00a0 \u00a0 Kh\u00f4ng ng\u1eebng ph\u00e1t tri\u1ec3n \u2013 Continual Development\u201d<\/p>\r\n<p>*** M\u1ecdi h\u1ecfi \u0111\u00e1p th\u1eafc m\u1eafc kh\u00e1c v\u1ec1 Ch\u00ednh s\u00e1ch b\u00e1n h\u00e0ng c\u1ee7a C\u00d4NG TY C\u1ed4 PH\u1ea6N THU\u1ef6 S\u1ea2N H\u01afNG TR\u01af\u1edcNG PH\u00c1T , Qu\u00fd kh\u00e1ch vui l\u00f2ng li\u00ean h\u1ec7 s\u1ed1: +84 2753 745 399<\/p>\r\n<p>&nbsp;<\/p>\r\n","protected":false},"excerpt":{"rendered":"<p>Ch\u00ednh S\u00e1ch \u0110\u1ed5i Tr\u1ea3\/ H\u00e0ng V\u00e0 Ho\u00e0n Ti\u1ec1nQu\u00fd kh\u00e1ch c\u00f3 th\u1ec3 th\u1ef1c hi\u1ec7n \u0111\u1ed5i tr\u1ea3 t\u1ea5t c\u1ea3 c\u00e1c s\u1ea3n ph\u1ea9m c\u1ee7a C\u00d4NG TY C\u1ed4 PH\u1ea6N THU\u1ef6 S\u1ea2N H\u01afNG TR\u01af\u1edcNG PH\u00c1T trong th\u1eddi h\u1ea1n 10 ng\u00e0y k\u1ec3 t\u1eeb ng\u00e0y nh\u1eadn s\u1ea3n ph\u1ea9m. S\u1ea3n ph\u1ea9m \u0111\u01b0\u1ee3c \u0111\u1ed5i tr\u1ea3 ph\u1ea3i c\u00f2n nguy\u00ean bao b\u00ec, nguy\u00ean \u0111ai nguy\u00ean ki\u1ec7n &#8230;<\/p>\n","protected":false},"author":1,"featured_media":0,"parent":0,"menu_order":0,"comment_status":"closed","ping_status":"closed","template":"","meta":{"footnotes":""},"class_list":["post-1127","page","type-page","status-publish","hentry"],"_links":{"self":[{"href":"https:\/\/aquamarine.com.vn\/vi\/wp-json\/wp\/v2\/pages\/1127","targetHints":{"allow":["GET"]}}],"collection":[{"href":"https:\/\/aquamarine.com.vn\/vi\/wp-json\/wp\/v2\/pages"}],"about":[{"href":"https:\/\/aquamarine.com.vn\/vi\/wp-json\/wp\/v2\/types\/page"}],"author":[{"embeddable":true,"href":"https:\/\/aquamarine.com.vn\/vi\/wp-json\/wp\/v2\/users\/1"}],"replies":[{"embeddable":true,"href":"https:\/\/aquamarine.com.vn\/vi\/wp-json\/wp\/v2\/comments?post=1127"}],"version-history":[{"count":4,"href":"https:\/\/aquamarine.com.vn\/vi\/wp-json\/wp\/v2\/pages\/1127\/revisions"}],"predecessor-version":[{"id":1188,"href":"https:\/\/aquamarine.com.vn\/vi\/wp-json\/wp\/v2\/pages\/1127\/revisions\/1188"}],"wp:attachment":[{"href":"https:\/\/aquamarine.com.vn\/vi\/wp-json\/wp\/v2\/media?parent=1127"}],"curies":[{"name":"wp","href":"https:\/\/api.w.org\/{rel}","templated":true}]}}