{"id":1124,"date":"2020-04-22T20:55:29","date_gmt":"2020-04-22T13:55:29","guid":{"rendered":"https:\/\/aquamarine.com.vn\/vi\/?page_id=1124"},"modified":"2022-02-28T15:33:43","modified_gmt":"2022-02-28T08:33:43","slug":"van-chuyen-giao-nhan","status":"publish","type":"page","link":"https:\/\/aquamarine.com.vn\/vi\/van-chuyen-giao-nhan","title":{"rendered":"V\u1eadn Chuy\u1ec3n &#8211; Giao Nh\u1eadn"},"content":{"rendered":"\r\n<p>&nbsp;<\/p>\r\n\r\n\r\n\r\n<p>Ch\u00e2n th\u00e0nh c\u1ea3m \u01a1n Qu\u00fd kh\u00e1ch \u0111\u00e3 quan t\u00e2m v\u00e0 \u1ee7ng h\u1ed9 C\u00d4NG TY C\u1ed4 PH\u1ea6N THU\u1ef6 S\u1ea2N H\u01afNG TR\u01af\u1edcNG PH\u00c1T s\u1ebd giao h\u00e0ng theo c\u00e1c ph\u01b0\u01a1ng th\u1ee9c sau:<\/p>\r\n\r\n\r\n\r\n<p>1. Giao h\u00e0ng trong n\u1ed9i th\u00e0nh<br \/>Qu\u00fd kh\u00e1ch s\u1ebd \u0111\u01b0\u1ee3c giao h\u00e0ng mi\u1ec5n ph\u00ed, t\u1eadn n\u01a1i trong n\u1ed9i th\u00e0nh B\u1ebfn Tre, v\u1edbi \u0111\u01a1n h\u00e0ng t\u1eeb 15.000.000\u0111 tr\u1edf l\u00ean.<\/p>\r\n\r\n\r\n\r\n<p>Th\u1eddi gian giao h\u00e0ng t\u1eeb 24h \u0111\u1ebfn 36h khi nh\u1eadn \u0111\u01b0\u1ee3c \u0111\u01a1n h\u00e0ng.<\/p>\r\n\r\n\r\n\r\n<p>2. Giao h\u00e0ng Ngo\u1ea1i th\u00e0nh ho\u1eb7c c\u00e1c t\u1ec9nh kh\u00e1c<br \/>Qu\u00fd kh\u00e1ch \u1edf ngo\u1ea1i th\u00e0nh, \u1edf t\u1ec9nh kh\u00e1c B\u1ebfn Tre<\/p>\r\n\r\n\r\n\r\n<p>Qu\u00fd kh\u00e1ch \u0111\u1eb7t h\u00e0ng, C\u00d4NG TY C\u1ed4 PH\u1ea6N THU\u1ef6 S\u1ea2N H\u01afNG TR\u01af\u1edcNG PH\u00c1T s\u1ebd giao h\u00e0ng \u0111\u1ebfn Ch\u00e0nh xe theo y\u00eau c\u1ea7u. Qu\u00fd kh\u00e1ch vui l\u00f2ng thanh to\u00e1n ph\u00ed v\u1eadn chuy\u1ec3n.<\/p>\r\n\r\n\r\n\r\n<p>Qu\u00fd kh\u00e1ch ph\u1ea3i thanh to\u00e1n ti\u1ec1n tr\u01b0\u1edbc, sau \u0111\u00f3 C\u00d4NG TY C\u1ed4 PH\u1ea6N THU\u1ef6 S\u1ea2N H\u01afNG TR\u01af\u1edcNG PH\u00c1T s\u1ebd giao h\u00e0ng. Th\u1eddi gian ph\u1ee5 thu\u1ed9c v\u00e0o xe v\u1eadn chuy\u1ec3n d\u1ecbch v\u1ee5. Kho\u1ea3ng 24 gi\u1edd \u0111\u1ebfn 48 gi\u1edd t\u1eeb khi x\u00e1c nh\u1eadn \u0111\u01a1n h\u00e0ng. C\u00e1c t\u1ec9nh \u1edf xa c\u00f3 th\u1ec3 l\u00e2u h\u01a1n.<\/p>\r\n\r\n\r\n\r\n<p>Ch\u00e2n th\u00e0nh c\u1ea3m \u01a1n Qu\u00fd kh\u00e1ch<\/p>\r\n","protected":false},"excerpt":{"rendered":"<p>&nbsp; Ch\u00e2n th\u00e0nh c\u1ea3m \u01a1n Qu\u00fd kh\u00e1ch \u0111\u00e3 quan t\u00e2m v\u00e0 \u1ee7ng h\u1ed9 C\u00d4NG TY C\u1ed4 PH\u1ea6N THU\u1ef6 S\u1ea2N H\u01afNG TR\u01af\u1edcNG PH\u00c1T s\u1ebd giao h\u00e0ng theo c\u00e1c ph\u01b0\u01a1ng th\u1ee9c sau: 1. Giao h\u00e0ng trong n\u1ed9i th\u00e0nhQu\u00fd kh\u00e1ch s\u1ebd \u0111\u01b0\u1ee3c giao h\u00e0ng mi\u1ec5n ph\u00ed, t\u1eadn n\u01a1i trong n\u1ed9i th\u00e0nh B\u1ebfn Tre, v\u1edbi \u0111\u01a1n h\u00e0ng t\u1eeb 15.000.000\u0111 &#8230;<\/p>\n","protected":false},"author":1,"featured_media":0,"parent":0,"menu_order":0,"comment_status":"closed","ping_status":"closed","template":"","meta":{"footnotes":""},"class_list":["post-1124","page","type-page","status-publish","hentry"],"_links":{"self":[{"href":"https:\/\/aquamarine.com.vn\/vi\/wp-json\/wp\/v2\/pages\/1124","targetHints":{"allow":["GET"]}}],"collection":[{"href":"https:\/\/aquamarine.com.vn\/vi\/wp-json\/wp\/v2\/pages"}],"about":[{"href":"https:\/\/aquamarine.com.vn\/vi\/wp-json\/wp\/v2\/types\/page"}],"author":[{"embeddable":true,"href":"https:\/\/aquamarine.com.vn\/vi\/wp-json\/wp\/v2\/users\/1"}],"replies":[{"embeddable":true,"href":"https:\/\/aquamarine.com.vn\/vi\/wp-json\/wp\/v2\/comments?post=1124"}],"version-history":[{"count":2,"href":"https:\/\/aquamarine.com.vn\/vi\/wp-json\/wp\/v2\/pages\/1124\/revisions"}],"predecessor-version":[{"id":1189,"href":"https:\/\/aquamarine.com.vn\/vi\/wp-json\/wp\/v2\/pages\/1124\/revisions\/1189"}],"wp:attachment":[{"href":"https:\/\/aquamarine.com.vn\/vi\/wp-json\/wp\/v2\/media?parent=1124"}],"curies":[{"name":"wp","href":"https:\/\/api.w.org\/{rel}","templated":true}]}}